{"id":625,"date":"2015-06-19T22:08:01","date_gmt":"2015-06-19T20:08:01","guid":{"rendered":"http:\/\/www.protoshape.ch\/?page_id=625"},"modified":"2023-02-02T11:37:44","modified_gmt":"2023-02-02T10:37:44","slug":"protoshape-team","status":"publish","type":"page","link":"https:\/\/www.protoshape.ch\/en\/protoshape-team\/","title":{"rendered":"About us"},"content":{"rendered":"<p>[vc_row][vc_column][vc_column_text]<\/p>\n<h2><strong>The company<br \/>\n<\/strong><\/h2>\n<p>[\/vc_column_text]<div class=\"ult-spacer spacer-6a09aef380454\" data-id=\"6a09aef380454\" data-height=\"20\" data-height-mobile=\"10\" data-height-tab=\"10\" data-height-tab-portrait=\"10\" data-height-mobile-landscape=\"10\" style=\"clear:both;display:block;\"><\/div>[vc_row_inner][vc_column_inner width=&#8221;1\/3&#8243;][vc_column_text]<\/p>\n<h3><strong>SLM Pioneer<\/strong><\/h3>\n<p>ProtoShape was founded in 2012 as a start-up company and has since been a pioneer in Switzerland as a service provider for generative manufacturing using Selective Laser Melting (SLM), also known as &#8220;metallic 3D printing&#8221;. Our ProtoShape team has been growing steadily ever since, as has our production volume.[\/vc_column_text][\/vc_column_inner][vc_column_inner width=&#8221;1\/3&#8243;][vc_column_text]<\/p>\n<h3><strong>Support for you<\/strong><\/h3>\n<p>ProtoShape produces metal parts for you from prototypes to serial production.[\/vc_column_text][vc_single_image image=&#8221;695&#8243; img_size=&#8221;400&#8243;][\/vc_column_inner][vc_column_inner width=&#8221;1\/3&#8243;][vc_column_text]<\/p>\n<h3><strong>Our strengths<\/strong><\/h3>\n<ul>\n<li>Long-term experience<\/li>\n<li>Scientific and technical expertise<\/li>\n<li>Production and finishing from a single source<\/li>\n<li>Quality assurance with metallography laboratory<\/li>\n<li>Engineering: Design optimization<\/li>\n<li>Fast recording of customer wishes<\/li>\n<li>Solution-oriented<\/li>\n<\/ul>\n<p>[\/vc_column_text][\/vc_column_inner][\/vc_row_inner][\/vc_column][\/vc_row]<\/p>","protected":false},"excerpt":{"rendered":"<p>[vc_row][vc_column][vc_column_text] The company [\/vc_column_text][vc_row_inner][vc_column_inner width=&#8221;1\/3&#8243;][vc_column_text] SLM Pioneer ProtoShape was founded in 2012 as a start-up company and has since been a pioneer in Switzerland as a service provider for generative manufacturing using Selective Laser Melting (SLM), also known as &#8220;metallic 3D printing&#8221;. Our ProtoShape team has been growing steadily ever since, as has our production&hellip;<\/p>\n","protected":false},"author":1,"featured_media":0,"parent":0,"menu_order":0,"comment_status":"closed","ping_status":"closed","template":"","meta":{"footnotes":""},"class_list":["post-625","page","type-page","status-publish","hentry","description-off"],"yoast_head":"<!-- This site is optimized with the Yoast SEO plugin v22.0 - https:\/\/yoast.com\/wordpress\/plugins\/seo\/ -->\n<title>Das ProtoShape Team: erfahren Sie mehr \u00fcber uns<\/title>\n<meta name=\"description\" content=\"Das ProtoShape Team hat langj\u00e4hrige Erfahrung und kann sowohl auf wissenschaftliches als auch auf handwerkliches Know-How zur\u00fcckgreifen.\" \/>\n<meta name=\"robots\" content=\"index, follow, max-snippet:-1, max-image-preview:large, max-video-preview:-1\" \/>\n<link rel=\"canonical\" href=\"https:\/\/www.protoshape.ch\/protoshape-team\/\" \/>\n<meta property=\"og:locale\" content=\"en_US\" \/>\n<meta property=\"og:type\" content=\"article\" \/>\n<meta property=\"og:title\" content=\"Das ProtoShape Team: erfahren Sie mehr \u00fcber uns\" \/>\n<meta property=\"og:description\" content=\"Das ProtoShape Team hat langj\u00e4hrige Erfahrung und kann sowohl auf wissenschaftliches als auch auf handwerkliches Know-How zur\u00fcckgreifen.\" \/>\n<meta property=\"og:url\" content=\"https:\/\/www.protoshape.ch\/protoshape-team\/\" \/>\n<meta property=\"og:site_name\" content=\"ProtoShape 3D-Printing AG\" \/>\n<meta property=\"article:publisher\" content=\"https:\/\/www.facebook.com\/pages\/Protoshape-Gmbh\/345999158834214\" \/>\n<meta property=\"article:modified_time\" content=\"2023-02-02T10:37:44+00:00\" \/>\n<meta name=\"twitter:card\" content=\"summary_large_image\" \/>\n<meta name=\"twitter:label1\" content=\"Est. reading time\" \/>\n\t<meta name=\"twitter:data1\" content=\"1 minute\" \/>\n<script type=\"application\/ld+json\" class=\"yoast-schema-graph\">{\"@context\":\"https:\/\/schema.org\",\"@graph\":[{\"@type\":\"WebPage\",\"@id\":\"https:\/\/www.protoshape.ch\/protoshape-team\/\",\"url\":\"https:\/\/www.protoshape.ch\/protoshape-team\/\",\"name\":\"Das ProtoShape Team: erfahren Sie mehr \u00fcber uns\",\"isPartOf\":{\"@id\":\"https:\/\/www.protoshape.ch\/#website\"},\"datePublished\":\"2015-06-19T20:08:01+00:00\",\"dateModified\":\"2023-02-02T10:37:44+00:00\",\"description\":\"Das ProtoShape Team hat langj\u00e4hrige Erfahrung und kann sowohl auf wissenschaftliches als auch auf handwerkliches Know-How zur\u00fcckgreifen.\",\"breadcrumb\":{\"@id\":\"https:\/\/www.protoshape.ch\/protoshape-team\/#breadcrumb\"},\"inLanguage\":\"en-US\",\"potentialAction\":[{\"@type\":\"ReadAction\",\"target\":[\"https:\/\/www.protoshape.ch\/protoshape-team\/\"]}]},{\"@type\":\"BreadcrumbList\",\"@id\":\"https:\/\/www.protoshape.ch\/protoshape-team\/#breadcrumb\",\"itemListElement\":[{\"@type\":\"ListItem\",\"position\":1,\"name\":\"Home\",\"item\":\"https:\/\/www.protoshape.ch\/\"},{\"@type\":\"ListItem\",\"position\":2,\"name\":\"\u00dcber uns\"}]},{\"@type\":\"WebSite\",\"@id\":\"https:\/\/www.protoshape.ch\/#website\",\"url\":\"https:\/\/www.protoshape.ch\/\",\"name\":\"ProtoShape 3D-Printing AG\",\"description\":\"additive manufacturing \/ 3d metal printing\",\"publisher\":{\"@id\":\"https:\/\/www.protoshape.ch\/#organization\"},\"potentialAction\":[{\"@type\":\"SearchAction\",\"target\":{\"@type\":\"EntryPoint\",\"urlTemplate\":\"https:\/\/www.protoshape.ch\/?s={search_term_string}\"},\"query-input\":\"required name=search_term_string\"}],\"inLanguage\":\"en-US\"},{\"@type\":\"Organization\",\"@id\":\"https:\/\/www.protoshape.ch\/#organization\",\"name\":\"ProtoShape AG\",\"url\":\"https:\/\/www.protoshape.ch\/\",\"logo\":{\"@type\":\"ImageObject\",\"inLanguage\":\"en-US\",\"@id\":\"https:\/\/www.protoshape.ch\/#\/schema\/logo\/image\/\",\"url\":\"https:\/\/www.protoshape.ch\/wp-content\/uploads\/2015\/07\/LogoProtoShapeText-H197xV100.jpg\",\"contentUrl\":\"https:\/\/www.protoshape.ch\/wp-content\/uploads\/2015\/07\/LogoProtoShapeText-H197xV100.jpg\",\"width\":197,\"height\":100,\"caption\":\"ProtoShape AG\"},\"image\":{\"@id\":\"https:\/\/www.protoshape.ch\/#\/schema\/logo\/image\/\"},\"sameAs\":[\"https:\/\/www.facebook.com\/pages\/Protoshape-Gmbh\/345999158834214\",\"https:\/\/www.linkedin.com\/company\/protoshape-gmbh\",\"https:\/\/www.youtube.com\/user\/Protoshape\"]}]}<\/script>\n<!-- \/ Yoast SEO plugin. -->","yoast_head_json":{"title":"Das ProtoShape Team: erfahren Sie mehr \u00fcber uns","description":"Das ProtoShape Team hat langj\u00e4hrige Erfahrung und kann sowohl auf wissenschaftliches als auch auf handwerkliches Know-How zur\u00fcckgreifen.","robots":{"index":"index","follow":"follow","max-snippet":"max-snippet:-1","max-image-preview":"max-image-preview:large","max-video-preview":"max-video-preview:-1"},"canonical":"https:\/\/www.protoshape.ch\/protoshape-team\/","og_locale":"en_US","og_type":"article","og_title":"Das ProtoShape Team: erfahren Sie mehr \u00fcber uns","og_description":"Das ProtoShape Team hat langj\u00e4hrige Erfahrung und kann sowohl auf wissenschaftliches als auch auf handwerkliches Know-How zur\u00fcckgreifen.","og_url":"https:\/\/www.protoshape.ch\/protoshape-team\/","og_site_name":"ProtoShape 3D-Printing AG","article_publisher":"https:\/\/www.facebook.com\/pages\/Protoshape-Gmbh\/345999158834214","article_modified_time":"2023-02-02T10:37:44+00:00","twitter_card":"summary_large_image","twitter_misc":{"Est. reading time":"1 minute"},"schema":{"@context":"https:\/\/schema.org","@graph":[{"@type":"WebPage","@id":"https:\/\/www.protoshape.ch\/protoshape-team\/","url":"https:\/\/www.protoshape.ch\/protoshape-team\/","name":"Das ProtoShape Team: erfahren Sie mehr \u00fcber uns","isPartOf":{"@id":"https:\/\/www.protoshape.ch\/#website"},"datePublished":"2015-06-19T20:08:01+00:00","dateModified":"2023-02-02T10:37:44+00:00","description":"Das ProtoShape Team hat langj\u00e4hrige Erfahrung und kann sowohl auf wissenschaftliches als auch auf handwerkliches Know-How zur\u00fcckgreifen.","breadcrumb":{"@id":"https:\/\/www.protoshape.ch\/protoshape-team\/#breadcrumb"},"inLanguage":"en-US","potentialAction":[{"@type":"ReadAction","target":["https:\/\/www.protoshape.ch\/protoshape-team\/"]}]},{"@type":"BreadcrumbList","@id":"https:\/\/www.protoshape.ch\/protoshape-team\/#breadcrumb","itemListElement":[{"@type":"ListItem","position":1,"name":"Home","item":"https:\/\/www.protoshape.ch\/"},{"@type":"ListItem","position":2,"name":"\u00dcber uns"}]},{"@type":"WebSite","@id":"https:\/\/www.protoshape.ch\/#website","url":"https:\/\/www.protoshape.ch\/","name":"ProtoShape 3D-Printing AG","description":"additive manufacturing \/ 3d metal printing","publisher":{"@id":"https:\/\/www.protoshape.ch\/#organization"},"potentialAction":[{"@type":"SearchAction","target":{"@type":"EntryPoint","urlTemplate":"https:\/\/www.protoshape.ch\/?s={search_term_string}"},"query-input":"required name=search_term_string"}],"inLanguage":"en-US"},{"@type":"Organization","@id":"https:\/\/www.protoshape.ch\/#organization","name":"ProtoShape AG","url":"https:\/\/www.protoshape.ch\/","logo":{"@type":"ImageObject","inLanguage":"en-US","@id":"https:\/\/www.protoshape.ch\/#\/schema\/logo\/image\/","url":"https:\/\/www.protoshape.ch\/wp-content\/uploads\/2015\/07\/LogoProtoShapeText-H197xV100.jpg","contentUrl":"https:\/\/www.protoshape.ch\/wp-content\/uploads\/2015\/07\/LogoProtoShapeText-H197xV100.jpg","width":197,"height":100,"caption":"ProtoShape AG"},"image":{"@id":"https:\/\/www.protoshape.ch\/#\/schema\/logo\/image\/"},"sameAs":["https:\/\/www.facebook.com\/pages\/Protoshape-Gmbh\/345999158834214","https:\/\/www.linkedin.com\/company\/protoshape-gmbh","https:\/\/www.youtube.com\/user\/Protoshape"]}]}},"_links":{"self":[{"href":"https:\/\/www.protoshape.ch\/en\/wp-json\/wp\/v2\/pages\/625","targetHints":{"allow":["GET"]}}],"collection":[{"href":"https:\/\/www.protoshape.ch\/en\/wp-json\/wp\/v2\/pages"}],"about":[{"href":"https:\/\/www.protoshape.ch\/en\/wp-json\/wp\/v2\/types\/page"}],"author":[{"embeddable":true,"href":"https:\/\/www.protoshape.ch\/en\/wp-json\/wp\/v2\/users\/1"}],"replies":[{"embeddable":true,"href":"https:\/\/www.protoshape.ch\/en\/wp-json\/wp\/v2\/comments?post=625"}],"version-history":[{"count":124,"href":"https:\/\/www.protoshape.ch\/en\/wp-json\/wp\/v2\/pages\/625\/revisions"}],"predecessor-version":[{"id":1692,"href":"https:\/\/www.protoshape.ch\/en\/wp-json\/wp\/v2\/pages\/625\/revisions\/1692"}],"wp:attachment":[{"href":"https:\/\/www.protoshape.ch\/en\/wp-json\/wp\/v2\/media?parent=625"}],"curies":[{"name":"wp","href":"https:\/\/api.w.org\/{rel}","templated":true}]}}